{"id":37,"date":"2021-03-18T13:28:19","date_gmt":"2021-03-18T13:28:19","guid":{"rendered":"https:\/\/dev-cclaf2.pantheonsite.io\/?page_id=37"},"modified":"2021-06-25T20:52:55","modified_gmt":"2021-06-25T20:52:55","slug":"individual","status":"publish","type":"page","link":"https:\/\/cclafoundation.org\/es\/individual\/","title":{"rendered":"Individual"},"content":{"rendered":"<figure class=\"wp-block-image size-large serape\"><img loading=\"lazy\" decoding=\"async\" width=\"1024\" height=\"18\" src=\"\/wp-content\/uploads\/2021\/04\/cclaf.serape1-16-1024x18.png\" alt=\"\" class=\"wp-image-615\" srcset=\"https:\/\/cclafoundation.org\/wp-content\/uploads\/2021\/04\/cclaf.serape1-16-1024x18.png 1024w, https:\/\/cclafoundation.org\/wp-content\/uploads\/2021\/04\/cclaf.serape1-16-300x5.png 300w, https:\/\/cclafoundation.org\/wp-content\/uploads\/2021\/04\/cclaf.serape1-16-768x13.png 768w, https:\/\/cclafoundation.org\/wp-content\/uploads\/2021\/04\/cclaf.serape1-16-1536x26.png 1536w, https:\/\/cclafoundation.org\/wp-content\/uploads\/2021\/04\/cclaf.serape1-16-2048x35.png 2048w, https:\/\/cclafoundation.org\/wp-content\/uploads\/2021\/04\/cclaf.serape1-16-16x1.png 16w\" sizes=\"auto, (max-width: 1024px) 100vw, 1024px\" \/><\/figure>\n\n\n\n<h1 class=\"has-text-align-center wp-block-heading\"><strong>Done ahora<\/strong><\/h1>\n\n\n\n<figure class=\"wp-block-image size-large serape\"><img loading=\"lazy\" decoding=\"async\" width=\"1024\" height=\"18\" src=\"\/wp-content\/uploads\/2021\/04\/cclaf.serape1-16-1024x18.png\" alt=\"\" class=\"wp-image-615\" srcset=\"https:\/\/cclafoundation.org\/wp-content\/uploads\/2021\/04\/cclaf.serape1-16-1024x18.png 1024w, https:\/\/cclafoundation.org\/wp-content\/uploads\/2021\/04\/cclaf.serape1-16-300x5.png 300w, https:\/\/cclafoundation.org\/wp-content\/uploads\/2021\/04\/cclaf.serape1-16-768x13.png 768w, https:\/\/cclafoundation.org\/wp-content\/uploads\/2021\/04\/cclaf.serape1-16-1536x26.png 1536w, https:\/\/cclafoundation.org\/wp-content\/uploads\/2021\/04\/cclaf.serape1-16-2048x35.png 2048w, https:\/\/cclafoundation.org\/wp-content\/uploads\/2021\/04\/cclaf.serape1-16-16x1.png 16w\" sizes=\"auto, (max-width: 1024px) 100vw, 1024px\" \/><\/figure>\n\n\n<div class=\"wp-bootstrap-blocks-container container mb-2\">\n\t\n<div class=\"wp-bootstrap-blocks-row row\">\n\t\n\n<div class=\"col-12 col-md-6\">\n\t\t\t\n\n<div class=\"wp-block-image audience\"><figure class=\"aligncenter size-large\"><img loading=\"lazy\" decoding=\"async\" width=\"809\" height=\"1024\" src=\"https:\/\/cclafoundation.org\/wp-content\/uploads\/2021\/06\/CCLAF.individual.donations-809x1024.jpg\" alt=\"\" class=\"wp-image-2013\" srcset=\"https:\/\/cclafoundation.org\/wp-content\/uploads\/2021\/06\/CCLAF.individual.donations-809x1024.jpg 809w, https:\/\/cclafoundation.org\/wp-content\/uploads\/2021\/06\/CCLAF.individual.donations-237x300.jpg 237w, https:\/\/cclafoundation.org\/wp-content\/uploads\/2021\/06\/CCLAF.individual.donations-768x972.jpg 768w, https:\/\/cclafoundation.org\/wp-content\/uploads\/2021\/06\/CCLAF.individual.donations-1214x1536.jpg 1214w, https:\/\/cclafoundation.org\/wp-content\/uploads\/2021\/06\/CCLAF.individual.donations-1618x2048.jpg 1618w, https:\/\/cclafoundation.org\/wp-content\/uploads\/2021\/06\/CCLAF.individual.donations-9x12.jpg 9w, https:\/\/cclafoundation.org\/wp-content\/uploads\/2021\/06\/CCLAF.individual.donations.jpg 1947w\" sizes=\"auto, (max-width: 809px) 100vw, 809px\" \/><\/figure><\/div>\n\n\n\n<p class=\"has-text-align-center\">Un agradecimiento muy especial a<\/p>\n\n\n\n<div class=\"wp-block-image\"><figure class=\"aligncenter size-large is-resized\"><img loading=\"lazy\" decoding=\"async\" src=\"https:\/\/dev-cclaf2.pantheonsite.io\/wp-content\/uploads\/2021\/05\/krumbein.logo_.png\" alt=\"\" class=\"wp-image-1554\" width=\"213\" height=\"91\" srcset=\"https:\/\/cclafoundation.org\/wp-content\/uploads\/2021\/05\/krumbein.logo_.png 676w, https:\/\/cclafoundation.org\/wp-content\/uploads\/2021\/05\/krumbein.logo_-300x128.png 300w, https:\/\/cclafoundation.org\/wp-content\/uploads\/2021\/05\/krumbein.logo_-16x7.png 16w\" sizes=\"auto, (max-width: 213px) 100vw, 213px\" \/><\/figure><\/div>\n\n\t<\/div>\n\n\n\n<div class=\"col-12 col-md-6\">\n\t\t\t\n\n<div class=\"wp-block-image\"><figure class=\"aligncenter size-large\"><img loading=\"lazy\" decoding=\"async\" width=\"192\" height=\"188\" src=\"\/wp-content\/uploads\/2021\/03\/CCLAF_BestLogo-1-e1617223029395.png\" alt=\"\" class=\"wp-image-135\"\/><\/figure><\/div>\n\n\n\n<p>Estimado defensor de la educaci\u00f3n,<br>Biling\u00fce. Bilateral. Bicultural. POR ELECCI\u00d3N.<br>Este es el lema de Cesar Chavez Language Academy, una escuela p\u00fablica aut\u00f3noma en Santa Rosa que abraza tanto la  misi\u00f3n de justicia social de su hom\u00f3nimo como el esp\u00edritu de su vida. \u00a1S\u00ed, se puede! Nos esforzamos por educar a los  ni\u00f1os en la alegr\u00eda y la pasi\u00f3n por el idioma, la cultura, la diversidad y la inclusi\u00f3n. Nuestros estudiantes son la fuerza  laboral del futuro, capaces de hablar en varios idiomas con un sentido de su lugar en el mundo en general.<\/p>\n\n\n\n<p>Si cree en la creaci\u00f3n de una nueva generaci\u00f3n de estudiantes que aceptan y celebran la diversidad, que se esfuerzan por convertirse en el puente entre las comunidades y que estan orgullosos de ser l\u00edderes colaborativos de una fuerza laboral del siglo XXI, considere donar a nuestra Fundaci\u00f3n.<\/p>\n\n\n\n<p>Los cheques pueden hacerse a nombre de la Fundaci\u00f3n CCLA (CCLA Foundation). Env\u00ede los cheques por correo a 2480 Sebastopol Road, Santa Rosa, CA 95407, o haga una donaci\u00f3n a trav\u00e9s de PayPal usando el bot\u00f3n de abajo.<\/p>\n\n\n\n<p class=\"has-text-align-center tax-exempt-id\">Tax-exempt ID# <span>47<\/span><span>-5054324<\/span><\/p>\n\n\n\n<form action=\"https:\/\/www.paypal.com\/donate\" method=\"post\" target=\"_top\">\n<input type=\"hidden\" name=\"hosted_button_id\" value=\"H2GAY54MEFKRS\" \/>\n<input type=\"image\" src=\"https:\/\/www.paypalobjects.com\/en_US\/i\/btn\/btn_donateCC_LG.gif\" border=\"0\" name=\"submit\" title=\"PayPal: la forma m\u00e1s f\u00e1cil y segura de pagar en l\u00ednea.\" alt=\"Donate with PayPal button\" \/>\n<img loading=\"lazy\" decoding=\"async\" alt=\"\" border=\"0\" src=\"https:\/\/www.paypal.com\/en_US\/i\/scr\/pixel.gif\" width=\"1\" height=\"1\" \/>\n<\/form>\n\n\n\t<\/div>\n\n<\/div>\n\n<\/div>\n\n\n\n<figure class=\"wp-block-image size-large serape\"><img loading=\"lazy\" decoding=\"async\" width=\"1024\" height=\"18\" src=\"\/wp-content\/uploads\/2021\/04\/cclaf.serape1-18-1024x18.png\" alt=\"\" class=\"wp-image-647\" srcset=\"https:\/\/cclafoundation.org\/wp-content\/uploads\/2021\/04\/cclaf.serape1-18-1024x18.png 1024w, https:\/\/cclafoundation.org\/wp-content\/uploads\/2021\/04\/cclaf.serape1-18-300x5.png 300w, https:\/\/cclafoundation.org\/wp-content\/uploads\/2021\/04\/cclaf.serape1-18-768x13.png 768w, https:\/\/cclafoundation.org\/wp-content\/uploads\/2021\/04\/cclaf.serape1-18-1536x26.png 1536w, https:\/\/cclafoundation.org\/wp-content\/uploads\/2021\/04\/cclaf.serape1-18-2048x35.png 2048w, https:\/\/cclafoundation.org\/wp-content\/uploads\/2021\/04\/cclaf.serape1-18-16x1.png 16w\" sizes=\"auto, (max-width: 1024px) 100vw, 1024px\" \/><\/figure>","protected":false},"excerpt":{"rendered":"<p>Donate Now [&#8230;]<\/p>\n<p><a class=\"btn btn-secondary understrap-read-more-link\" href=\"https:\/\/cclafoundation.org\/es\/individual\/\">Read More&#8230;<\/a><\/p>\n","protected":false},"author":2,"featured_media":0,"parent":0,"menu_order":0,"comment_status":"closed","ping_status":"closed","template":"","meta":{"inline_featured_image":false,"footnotes":""},"class_list":["post-37","page","type-page","status-publish","hentry"],"yoast_head":"<!-- This site is optimized with the Yoast SEO plugin v27.4 - https:\/\/yoast.com\/product\/yoast-seo-wordpress\/ -->\n<title>Individual -<\/title>\n<meta name=\"robots\" content=\"index, follow, max-snippet:-1, max-image-preview:large, max-video-preview:-1\" \/>\n<link rel=\"canonical\" href=\"https:\/\/cclafoundation.org\/es\/individual\/\" \/>\n<meta property=\"og:locale\" content=\"es_MX\" \/>\n<meta property=\"og:type\" content=\"article\" \/>\n<meta property=\"og:title\" content=\"Individual -\" \/>\n<meta property=\"og:description\" content=\"Donate Now [...]Read More...\" \/>\n<meta property=\"og:url\" content=\"https:\/\/cclafoundation.org\/es\/individual\/\" \/>\n<meta property=\"article:modified_time\" content=\"2021-06-25T20:52:55+00:00\" \/>\n<meta property=\"og:image\" content=\"https:\/\/cclafoundation.org\/wp-content\/uploads\/2021\/04\/cclaf.serape1-16-1024x18.png\" \/>\n<meta name=\"twitter:card\" content=\"summary_large_image\" \/>\n<meta name=\"twitter:label1\" content=\"Tiempo de lectura\" \/>\n\t<meta name=\"twitter:data1\" content=\"3 minutos\" \/>\n<script type=\"application\/ld+json\" class=\"yoast-schema-graph\">{\"@context\":\"https:\\\/\\\/schema.org\",\"@graph\":[{\"@type\":\"WebPage\",\"@id\":\"https:\\\/\\\/cclafoundation.org\\\/individual\\\/\",\"url\":\"https:\\\/\\\/cclafoundation.org\\\/individual\\\/\",\"name\":\"Individual -\",\"isPartOf\":{\"@id\":\"https:\\\/\\\/cclafoundation.org\\\/#website\"},\"primaryImageOfPage\":{\"@id\":\"https:\\\/\\\/cclafoundation.org\\\/individual\\\/#primaryimage\"},\"image\":{\"@id\":\"https:\\\/\\\/cclafoundation.org\\\/individual\\\/#primaryimage\"},\"thumbnailUrl\":\"https:\\\/\\\/cclafoundation.org\\\/wp-content\\\/uploads\\\/2021\\\/06\\\/CCLAF.individual.donations-809x1024.jpg\",\"datePublished\":\"2021-03-18T13:28:19+00:00\",\"dateModified\":\"2021-06-25T20:52:55+00:00\",\"breadcrumb\":{\"@id\":\"https:\\\/\\\/cclafoundation.org\\\/individual\\\/#breadcrumb\"},\"inLanguage\":\"es\",\"potentialAction\":[{\"@type\":\"ReadAction\",\"target\":[\"https:\\\/\\\/cclafoundation.org\\\/individual\\\/\"]}]},{\"@type\":\"ImageObject\",\"inLanguage\":\"es\",\"@id\":\"https:\\\/\\\/cclafoundation.org\\\/individual\\\/#primaryimage\",\"url\":\"https:\\\/\\\/cclafoundation.org\\\/wp-content\\\/uploads\\\/2021\\\/06\\\/CCLAF.individual.donations-809x1024.jpg\",\"contentUrl\":\"https:\\\/\\\/cclafoundation.org\\\/wp-content\\\/uploads\\\/2021\\\/06\\\/CCLAF.individual.donations-809x1024.jpg\"},{\"@type\":\"BreadcrumbList\",\"@id\":\"https:\\\/\\\/cclafoundation.org\\\/individual\\\/#breadcrumb\",\"itemListElement\":[{\"@type\":\"ListItem\",\"position\":1,\"name\":\"Home\",\"item\":\"https:\\\/\\\/cclafoundation.org\\\/\"},{\"@type\":\"ListItem\",\"position\":2,\"name\":\"Individual\"}]},{\"@type\":\"WebSite\",\"@id\":\"https:\\\/\\\/cclafoundation.org\\\/#website\",\"url\":\"https:\\\/\\\/cclafoundation.org\\\/\",\"name\":\"\",\"description\":\"Supporting Cesar Chavez Language Academy\",\"potentialAction\":[{\"@type\":\"SearchAction\",\"target\":{\"@type\":\"EntryPoint\",\"urlTemplate\":\"https:\\\/\\\/cclafoundation.org\\\/?s={search_term_string}\"},\"query-input\":{\"@type\":\"PropertyValueSpecification\",\"valueRequired\":true,\"valueName\":\"search_term_string\"}}],\"inLanguage\":\"es\"}]}<\/script>\n<!-- \/ Yoast SEO plugin. -->","yoast_head_json":{"title":"Individual -","robots":{"index":"index","follow":"follow","max-snippet":"max-snippet:-1","max-image-preview":"max-image-preview:large","max-video-preview":"max-video-preview:-1"},"canonical":"https:\/\/cclafoundation.org\/es\/individual\/","og_locale":"es_MX","og_type":"article","og_title":"Individual -","og_description":"Donate Now [...]Read More...","og_url":"https:\/\/cclafoundation.org\/es\/individual\/","article_modified_time":"2021-06-25T20:52:55+00:00","og_image":[{"url":"https:\/\/cclafoundation.org\/wp-content\/uploads\/2021\/04\/cclaf.serape1-16-1024x18.png","type":"","width":"","height":""}],"twitter_card":"summary_large_image","twitter_misc":{"Tiempo de lectura":"3 minutos"},"schema":{"@context":"https:\/\/schema.org","@graph":[{"@type":"WebPage","@id":"https:\/\/cclafoundation.org\/individual\/","url":"https:\/\/cclafoundation.org\/individual\/","name":"Individual -","isPartOf":{"@id":"https:\/\/cclafoundation.org\/#website"},"primaryImageOfPage":{"@id":"https:\/\/cclafoundation.org\/individual\/#primaryimage"},"image":{"@id":"https:\/\/cclafoundation.org\/individual\/#primaryimage"},"thumbnailUrl":"https:\/\/cclafoundation.org\/wp-content\/uploads\/2021\/06\/CCLAF.individual.donations-809x1024.jpg","datePublished":"2021-03-18T13:28:19+00:00","dateModified":"2021-06-25T20:52:55+00:00","breadcrumb":{"@id":"https:\/\/cclafoundation.org\/individual\/#breadcrumb"},"inLanguage":"es","potentialAction":[{"@type":"ReadAction","target":["https:\/\/cclafoundation.org\/individual\/"]}]},{"@type":"ImageObject","inLanguage":"es","@id":"https:\/\/cclafoundation.org\/individual\/#primaryimage","url":"https:\/\/cclafoundation.org\/wp-content\/uploads\/2021\/06\/CCLAF.individual.donations-809x1024.jpg","contentUrl":"https:\/\/cclafoundation.org\/wp-content\/uploads\/2021\/06\/CCLAF.individual.donations-809x1024.jpg"},{"@type":"BreadcrumbList","@id":"https:\/\/cclafoundation.org\/individual\/#breadcrumb","itemListElement":[{"@type":"ListItem","position":1,"name":"Home","item":"https:\/\/cclafoundation.org\/"},{"@type":"ListItem","position":2,"name":"Individual"}]},{"@type":"WebSite","@id":"https:\/\/cclafoundation.org\/#website","url":"https:\/\/cclafoundation.org\/","name":"","description":"Supporting Cesar Chavez Language Academy","potentialAction":[{"@type":"SearchAction","target":{"@type":"EntryPoint","urlTemplate":"https:\/\/cclafoundation.org\/?s={search_term_string}"},"query-input":{"@type":"PropertyValueSpecification","valueRequired":true,"valueName":"search_term_string"}}],"inLanguage":"es"}]}},"_links":{"self":[{"href":"https:\/\/cclafoundation.org\/es\/wp-json\/wp\/v2\/pages\/37","targetHints":{"allow":["GET"]}}],"collection":[{"href":"https:\/\/cclafoundation.org\/es\/wp-json\/wp\/v2\/pages"}],"about":[{"href":"https:\/\/cclafoundation.org\/es\/wp-json\/wp\/v2\/types\/page"}],"author":[{"embeddable":true,"href":"https:\/\/cclafoundation.org\/es\/wp-json\/wp\/v2\/users\/2"}],"replies":[{"embeddable":true,"href":"https:\/\/cclafoundation.org\/es\/wp-json\/wp\/v2\/comments?post=37"}],"version-history":[{"count":31,"href":"https:\/\/cclafoundation.org\/es\/wp-json\/wp\/v2\/pages\/37\/revisions"}],"predecessor-version":[{"id":2048,"href":"https:\/\/cclafoundation.org\/es\/wp-json\/wp\/v2\/pages\/37\/revisions\/2048"}],"wp:attachment":[{"href":"https:\/\/cclafoundation.org\/es\/wp-json\/wp\/v2\/media?parent=37"}],"curies":[{"name":"wp","href":"https:\/\/api.w.org\/{rel}","templated":true}]}}