{"id":38,"date":"2021-03-18T13:28:19","date_gmt":"2021-03-18T13:28:19","guid":{"rendered":"https:\/\/dev-cclaf2.pantheonsite.io\/?page_id=38"},"modified":"2021-08-28T22:56:42","modified_gmt":"2021-08-28T22:56:42","slug":"recurring","status":"publish","type":"page","link":"https:\/\/cclafoundation.org\/es\/recurring\/","title":{"rendered":"Peri\u00f3dico"},"content":{"rendered":"<figure class=\"wp-block-image size-large serape\"><img loading=\"lazy\" decoding=\"async\" width=\"1024\" height=\"18\" src=\"\/wp-content\/uploads\/2021\/04\/cclaf.serape1-16-1024x18.png\" alt=\"\" class=\"wp-image-615\" srcset=\"https:\/\/cclafoundation.org\/wp-content\/uploads\/2021\/04\/cclaf.serape1-16-1024x18.png 1024w, https:\/\/cclafoundation.org\/wp-content\/uploads\/2021\/04\/cclaf.serape1-16-300x5.png 300w, https:\/\/cclafoundation.org\/wp-content\/uploads\/2021\/04\/cclaf.serape1-16-768x13.png 768w, https:\/\/cclafoundation.org\/wp-content\/uploads\/2021\/04\/cclaf.serape1-16-1536x26.png 1536w, https:\/\/cclafoundation.org\/wp-content\/uploads\/2021\/04\/cclaf.serape1-16-2048x35.png 2048w, https:\/\/cclafoundation.org\/wp-content\/uploads\/2021\/04\/cclaf.serape1-16-16x1.png 16w\" sizes=\"auto, (max-width: 1024px) 100vw, 1024px\" \/><\/figure>\n\n\n\n<h1 class=\"has-text-align-center wp-block-heading\"><strong>Done ahora<\/strong><\/h1>\n\n\n\n<figure class=\"wp-block-image size-large serape\"><img loading=\"lazy\" decoding=\"async\" width=\"1024\" height=\"18\" src=\"\/wp-content\/uploads\/2021\/04\/cclaf.serape1-16-1024x18.png\" alt=\"\" class=\"wp-image-615\" srcset=\"https:\/\/cclafoundation.org\/wp-content\/uploads\/2021\/04\/cclaf.serape1-16-1024x18.png 1024w, https:\/\/cclafoundation.org\/wp-content\/uploads\/2021\/04\/cclaf.serape1-16-300x5.png 300w, https:\/\/cclafoundation.org\/wp-content\/uploads\/2021\/04\/cclaf.serape1-16-768x13.png 768w, https:\/\/cclafoundation.org\/wp-content\/uploads\/2021\/04\/cclaf.serape1-16-1536x26.png 1536w, https:\/\/cclafoundation.org\/wp-content\/uploads\/2021\/04\/cclaf.serape1-16-2048x35.png 2048w, https:\/\/cclafoundation.org\/wp-content\/uploads\/2021\/04\/cclaf.serape1-16-16x1.png 16w\" sizes=\"auto, (max-width: 1024px) 100vw, 1024px\" \/><\/figure>\n\n\n<div class=\"wp-bootstrap-blocks-container container mb-2\">\n\t\n<div class=\"wp-bootstrap-blocks-row row\">\n\t\n\n<div class=\"col-12 col-md-6\">\n\t\t\t\n\n<figure class=\"wp-block-image size-large\"><img loading=\"lazy\" decoding=\"async\" width=\"467\" height=\"591\" src=\"\/wp-content\/uploads\/2021\/04\/cclaf.boy_.peace_.sign467x591.jpg\" alt=\"\" class=\"wp-image-1088\" srcset=\"https:\/\/cclafoundation.org\/wp-content\/uploads\/2021\/04\/cclaf.boy_.peace_.sign467x591.jpg 467w, https:\/\/cclafoundation.org\/wp-content\/uploads\/2021\/04\/cclaf.boy_.peace_.sign467x591-237x300.jpg 237w, https:\/\/cclafoundation.org\/wp-content\/uploads\/2021\/04\/cclaf.boy_.peace_.sign467x591-9x12.jpg 9w\" sizes=\"auto, (max-width: 467px) 100vw, 467px\" \/><figcaption>DONACIONES <br>RECURRENTES<\/figcaption><\/figure>\n\n\n\n<figure class=\"wp-block-image size-large\"><img loading=\"lazy\" decoding=\"async\" width=\"381\" height=\"370\" src=\"\/wp-content\/uploads\/2021\/03\/cropped-CCLAF_logo-1.png\" alt=\"\" class=\"wp-image-17\" srcset=\"https:\/\/cclafoundation.org\/wp-content\/uploads\/2021\/03\/cropped-CCLAF_logo-1.png 381w, https:\/\/cclafoundation.org\/wp-content\/uploads\/2021\/03\/cropped-CCLAF_logo-1-300x291.png 300w\" sizes=\"auto, (max-width: 381px) 100vw, 381px\" \/><\/figure>\n\n\t<\/div>\n\n\n\n<div class=\"col-12 col-md-6\">\n\t\t\t\n\n<p>     <\/p>\n\n\n\n<p><\/p>\n\n\n\n<p>Estimado defensor de la educaci\u00f3n,&nbsp;<\/p>\n\n\n\n<p>Biling\u00fce. Bilateral. Bicultural. POR ELECCI\u00d3N.&nbsp;<\/p>\n\n\n\n<p>Este es el lema de Cesar Chavez Language Academy, una escuela p\u00fablica aut\u00f3noma en Santa Rosa que abraza tanto la  misi\u00f3n de justicia social de su hom\u00f3nimo como el esp\u00edritu de su vida. \u00a1S\u00ed, se puede! Nos esforzamos por educar a los  ni\u00f1os en la alegr\u00eda y la pasi\u00f3n por el idioma, la cultura, la diversidad y la inclusi\u00f3n. Nuestros estudiantes son la fuerza  laboral del futuro, capaces de hablar en varios idiomas con un sentido de su lugar en el mundo en general.<\/p>\n\n\n\n<p>&nbsp;Si cree en la creaci\u00f3n de una nueva generaci\u00f3n de estudiantes que aceptan y celebran la diversidad, que se esfuerzan por convertirse en el puente entre las comunidades y que estan orgullosos de ser l\u00edderes colaborativos de una fuerza laboral del siglo XXI, considere donar a nuestra Fundaci\u00f3n.<sup>..<\/sup>&nbsp;considere donar a nuestra Fundaci\u00f3n.&nbsp;<\/p>\n\n\n\n<p>Lo animamos a que se convierta en un donante continuo (la necesidad es constante y tambi\u00e9n lo es el dinero). Nosotras tenemos cuatro niveles:<\/p>\n\n\n\n<p>$ 25 \/ mes = Donante Nivel Bronce&nbsp;<\/p>\n\n\n\n<p>$ 50 \/ mes = Donante Nivel Plata&nbsp;<\/p>\n\n\n\n<p>$ 75 \/ mes = Donante Nivel Oro&nbsp;<\/p>\n\n\n\n<p>$ 100 + \/ mes = * Donante nivel quetzal * (abrazo gratis incluido)<\/p>\n\n\n\n<p>Reg\u00edstrese para retiros autom\u00e1ticos mensuales utilizando los botones a continuaci\u00f3n. \u00a1Y gracias por tu generosidad!<\/p>\n\n\n\n<p class=\"has-text-align-center tax-exempt-id\">Tax-exempt ID# <span>47<\/span><span>-5054324<\/span><\/p>\n\n\n\n<p><doctype html=\"\"><br>\n<\/doctype><\/p>\n<table align=\"center\">\n<tbody>\n<tr>\n<td align=\"center\" valign=\"top\" class=\"content\">\n<a style=\"cursor: pointer;\" class=\"bronze-btn\" target=\"popup\" onclick=\"window.open('https:\/\/www.paypal.com\/cgi-bin\/webscr?cmd=_s-xclick&amp;hosted_button_id=4LL6U7YJBR44Y','popup','width=600,height=600'); return false;\" rel=\"noopener\">$25\/MONTHLY<\/a><br>\n<strong>Bronze &#8220;Bronce&#8221; Level Donor<\/strong>\n<\/td>\n<td align=\"center\" valign=\"top\" class=\"content\">\n<a style=\"cursor: pointer;\" class=\"silver-btn\" target=\"popup\" onclick=\"window.open('https:\/\/www.paypal.com\/cgi-bin\/webscr?cmd=_s-xclick&amp;hosted_button_id=HLMWZQ6Y2MEQY','popup','width=600,height=600'); return false;\" rel=\"noopener\">$50\/MONTHLY<\/a><br>\n<strong>Silver &#8220;Plata&#8221; Level Donor<\/strong>\n<\/td>\n<\/tr>\n<tr>\n<td align=\"center\" valign=\"top\" class=\"content\">\n<a style=\"cursor: pointer;\" class=\"gold-btn\" target=\"popup\" onclick=\"window.open('https:\/\/www.paypal.com\/cgi-bin\/webscr?cmd=_s-xclick&amp;hosted_button_id=K6SKH7854A488','popup','width=600,height=600'); return false;\" rel=\"noopener\">$75\/MONTHLY<\/a><br>\n<strong>Gold &#8220;Oro&#8221; Level Donor<\/strong>\n<\/td>\n<td align=\"center\" valign=\"top\" class=\"content\">\n<a style=\"cursor: pointer;\" class=\"green-btn\" target=\"popup\" onclick=\"window.open('https:\/\/www.paypal.com\/cgi-bin\/webscr?cmd=_s-xclick&amp;hosted_button_id=EA9PHC4YRWUDN','popup','width=600,height=600'); return false;\" rel=\"noopener\">$100\/MONTHLY<\/a><br>\n<strong>*Quetzal Level Donor<\/strong><br> \n<em>*(free hug included)<\/em>\n<\/td>\n<\/tr>\n<\/tbody>\n<\/table>\n\n\t<\/div>\n\n<\/div>\n\n<\/div>\n\n\n\n<figure class=\"wp-block-image size-large serape\"><img loading=\"lazy\" decoding=\"async\" width=\"1024\" height=\"18\" src=\"\/wp-content\/uploads\/2021\/04\/cclaf.serape1-16-1024x18.png\" alt=\"\" class=\"wp-image-615\" srcset=\"https:\/\/cclafoundation.org\/wp-content\/uploads\/2021\/04\/cclaf.serape1-16-1024x18.png 1024w, https:\/\/cclafoundation.org\/wp-content\/uploads\/2021\/04\/cclaf.serape1-16-300x5.png 300w, https:\/\/cclafoundation.org\/wp-content\/uploads\/2021\/04\/cclaf.serape1-16-768x13.png 768w, https:\/\/cclafoundation.org\/wp-content\/uploads\/2021\/04\/cclaf.serape1-16-1536x26.png 1536w, https:\/\/cclafoundation.org\/wp-content\/uploads\/2021\/04\/cclaf.serape1-16-2048x35.png 2048w, https:\/\/cclafoundation.org\/wp-content\/uploads\/2021\/04\/cclaf.serape1-16-16x1.png 16w\" sizes=\"auto, (max-width: 1024px) 100vw, 1024px\" \/><\/figure>","protected":false},"excerpt":{"rendered":"<p>Donate Now [&#8230;]<\/p>\n<p><a class=\"btn btn-secondary understrap-read-more-link\" href=\"https:\/\/cclafoundation.org\/es\/recurring\/\">Read More&#8230;<\/a><\/p>\n","protected":false},"author":2,"featured_media":0,"parent":0,"menu_order":0,"comment_status":"closed","ping_status":"closed","template":"","meta":{"inline_featured_image":false,"footnotes":""},"class_list":["post-38","page","type-page","status-publish","hentry"],"yoast_head":"<!-- This site is optimized with the Yoast SEO plugin v27.4 - https:\/\/yoast.com\/product\/yoast-seo-wordpress\/ -->\n<title>Recurring -<\/title>\n<meta name=\"robots\" content=\"index, follow, max-snippet:-1, max-image-preview:large, max-video-preview:-1\" \/>\n<link rel=\"canonical\" href=\"https:\/\/cclafoundation.org\/es\/recurring\/\" \/>\n<meta property=\"og:locale\" content=\"es_MX\" \/>\n<meta property=\"og:type\" content=\"article\" \/>\n<meta property=\"og:title\" content=\"Recurring -\" \/>\n<meta property=\"og:description\" content=\"Donate Now [...]Read More...\" \/>\n<meta property=\"og:url\" content=\"https:\/\/cclafoundation.org\/es\/recurring\/\" \/>\n<meta property=\"article:modified_time\" content=\"2021-08-28T22:56:42+00:00\" \/>\n<meta property=\"og:image\" content=\"https:\/\/cclafoundation.org\/wp-content\/uploads\/2021\/04\/cclaf.serape1-16-1024x18.png\" \/>\n<meta name=\"twitter:card\" content=\"summary_large_image\" \/>\n<meta name=\"twitter:label1\" content=\"Tiempo de lectura\" \/>\n\t<meta name=\"twitter:data1\" content=\"3 minutos\" \/>\n<script type=\"application\/ld+json\" class=\"yoast-schema-graph\">{\"@context\":\"https:\\\/\\\/schema.org\",\"@graph\":[{\"@type\":\"WebPage\",\"@id\":\"https:\\\/\\\/cclafoundation.org\\\/recurring\\\/\",\"url\":\"https:\\\/\\\/cclafoundation.org\\\/recurring\\\/\",\"name\":\"Recurring -\",\"isPartOf\":{\"@id\":\"https:\\\/\\\/cclafoundation.org\\\/#website\"},\"datePublished\":\"2021-03-18T13:28:19+00:00\",\"dateModified\":\"2021-08-28T22:56:42+00:00\",\"breadcrumb\":{\"@id\":\"https:\\\/\\\/cclafoundation.org\\\/recurring\\\/#breadcrumb\"},\"inLanguage\":\"es\",\"potentialAction\":[{\"@type\":\"ReadAction\",\"target\":[\"https:\\\/\\\/cclafoundation.org\\\/recurring\\\/\"]}]},{\"@type\":\"BreadcrumbList\",\"@id\":\"https:\\\/\\\/cclafoundation.org\\\/recurring\\\/#breadcrumb\",\"itemListElement\":[{\"@type\":\"ListItem\",\"position\":1,\"name\":\"Home\",\"item\":\"https:\\\/\\\/cclafoundation.org\\\/\"},{\"@type\":\"ListItem\",\"position\":2,\"name\":\"Recurring\"}]},{\"@type\":\"WebSite\",\"@id\":\"https:\\\/\\\/cclafoundation.org\\\/#website\",\"url\":\"https:\\\/\\\/cclafoundation.org\\\/\",\"name\":\"\",\"description\":\"Supporting Cesar Chavez Language Academy\",\"potentialAction\":[{\"@type\":\"SearchAction\",\"target\":{\"@type\":\"EntryPoint\",\"urlTemplate\":\"https:\\\/\\\/cclafoundation.org\\\/?s={search_term_string}\"},\"query-input\":{\"@type\":\"PropertyValueSpecification\",\"valueRequired\":true,\"valueName\":\"search_term_string\"}}],\"inLanguage\":\"es\"}]}<\/script>\n<!-- \/ Yoast SEO plugin. -->","yoast_head_json":{"title":"Recurring -","robots":{"index":"index","follow":"follow","max-snippet":"max-snippet:-1","max-image-preview":"max-image-preview:large","max-video-preview":"max-video-preview:-1"},"canonical":"https:\/\/cclafoundation.org\/es\/recurring\/","og_locale":"es_MX","og_type":"article","og_title":"Recurring -","og_description":"Donate Now [...]Read More...","og_url":"https:\/\/cclafoundation.org\/es\/recurring\/","article_modified_time":"2021-08-28T22:56:42+00:00","og_image":[{"url":"https:\/\/cclafoundation.org\/wp-content\/uploads\/2021\/04\/cclaf.serape1-16-1024x18.png","type":"","width":"","height":""}],"twitter_card":"summary_large_image","twitter_misc":{"Tiempo de lectura":"3 minutos"},"schema":{"@context":"https:\/\/schema.org","@graph":[{"@type":"WebPage","@id":"https:\/\/cclafoundation.org\/recurring\/","url":"https:\/\/cclafoundation.org\/recurring\/","name":"Recurring -","isPartOf":{"@id":"https:\/\/cclafoundation.org\/#website"},"datePublished":"2021-03-18T13:28:19+00:00","dateModified":"2021-08-28T22:56:42+00:00","breadcrumb":{"@id":"https:\/\/cclafoundation.org\/recurring\/#breadcrumb"},"inLanguage":"es","potentialAction":[{"@type":"ReadAction","target":["https:\/\/cclafoundation.org\/recurring\/"]}]},{"@type":"BreadcrumbList","@id":"https:\/\/cclafoundation.org\/recurring\/#breadcrumb","itemListElement":[{"@type":"ListItem","position":1,"name":"Home","item":"https:\/\/cclafoundation.org\/"},{"@type":"ListItem","position":2,"name":"Recurring"}]},{"@type":"WebSite","@id":"https:\/\/cclafoundation.org\/#website","url":"https:\/\/cclafoundation.org\/","name":"","description":"Supporting Cesar Chavez Language Academy","potentialAction":[{"@type":"SearchAction","target":{"@type":"EntryPoint","urlTemplate":"https:\/\/cclafoundation.org\/?s={search_term_string}"},"query-input":{"@type":"PropertyValueSpecification","valueRequired":true,"valueName":"search_term_string"}}],"inLanguage":"es"}]}},"_links":{"self":[{"href":"https:\/\/cclafoundation.org\/es\/wp-json\/wp\/v2\/pages\/38","targetHints":{"allow":["GET"]}}],"collection":[{"href":"https:\/\/cclafoundation.org\/es\/wp-json\/wp\/v2\/pages"}],"about":[{"href":"https:\/\/cclafoundation.org\/es\/wp-json\/wp\/v2\/types\/page"}],"author":[{"embeddable":true,"href":"https:\/\/cclafoundation.org\/es\/wp-json\/wp\/v2\/users\/2"}],"replies":[{"embeddable":true,"href":"https:\/\/cclafoundation.org\/es\/wp-json\/wp\/v2\/comments?post=38"}],"version-history":[{"count":33,"href":"https:\/\/cclafoundation.org\/es\/wp-json\/wp\/v2\/pages\/38\/revisions"}],"predecessor-version":[{"id":2122,"href":"https:\/\/cclafoundation.org\/es\/wp-json\/wp\/v2\/pages\/38\/revisions\/2122"}],"wp:attachment":[{"href":"https:\/\/cclafoundation.org\/es\/wp-json\/wp\/v2\/media?parent=38"}],"curies":[{"name":"wp","href":"https:\/\/api.w.org\/{rel}","templated":true}]}}