{"id":72,"date":"2021-03-18T13:34:36","date_gmt":"2021-03-18T13:34:36","guid":{"rendered":"https:\/\/dev-cclaf2.pantheonsite.io\/?page_id=72"},"modified":"2024-11-26T20:05:21","modified_gmt":"2024-11-26T20:05:21","slug":"volunteer-2","status":"publish","type":"page","link":"https:\/\/cclafoundation.org\/es\/volunteer-2\/","title":{"rendered":"Como Ser Voluntario"},"content":{"rendered":"<figure class=\"wp-block-image size-large serape\"><img loading=\"lazy\" decoding=\"async\" width=\"1024\" height=\"18\" src=\"\/wp-content\/uploads\/2021\/04\/cclaf.serape1-13-1024x18.png\" alt=\"\" class=\"wp-image-574\" srcset=\"https:\/\/cclafoundation.org\/wp-content\/uploads\/2021\/04\/cclaf.serape1-13-1024x18.png 1024w, https:\/\/cclafoundation.org\/wp-content\/uploads\/2021\/04\/cclaf.serape1-13-300x5.png 300w, https:\/\/cclafoundation.org\/wp-content\/uploads\/2021\/04\/cclaf.serape1-13-768x13.png 768w, https:\/\/cclafoundation.org\/wp-content\/uploads\/2021\/04\/cclaf.serape1-13-1536x26.png 1536w, https:\/\/cclafoundation.org\/wp-content\/uploads\/2021\/04\/cclaf.serape1-13-2048x35.png 2048w, https:\/\/cclafoundation.org\/wp-content\/uploads\/2021\/04\/cclaf.serape1-13-16x1.png 16w\" sizes=\"auto, (max-width: 1024px) 100vw, 1024px\" \/><\/figure>\n\n\n\n<h1 class=\"wp-block-heading has-text-align-center\">Tantas formas de participar...<\/h1>\n\n\n\n<figure class=\"wp-block-image size-large serape\"><img loading=\"lazy\" decoding=\"async\" width=\"1024\" height=\"18\" src=\"\/wp-content\/uploads\/2021\/04\/cclaf.serape1-13-1024x18.png\" alt=\"\" class=\"wp-image-574\" srcset=\"https:\/\/cclafoundation.org\/wp-content\/uploads\/2021\/04\/cclaf.serape1-13-1024x18.png 1024w, https:\/\/cclafoundation.org\/wp-content\/uploads\/2021\/04\/cclaf.serape1-13-300x5.png 300w, https:\/\/cclafoundation.org\/wp-content\/uploads\/2021\/04\/cclaf.serape1-13-768x13.png 768w, https:\/\/cclafoundation.org\/wp-content\/uploads\/2021\/04\/cclaf.serape1-13-1536x26.png 1536w, https:\/\/cclafoundation.org\/wp-content\/uploads\/2021\/04\/cclaf.serape1-13-2048x35.png 2048w, https:\/\/cclafoundation.org\/wp-content\/uploads\/2021\/04\/cclaf.serape1-13-16x1.png 16w\" sizes=\"auto, (max-width: 1024px) 100vw, 1024px\" \/><\/figure>\n\n\n\n<h2 class=\"wp-block-heading has-text-align-center\">\u00a1Voluntario un poco de esfuerzo!<\/h2>\n\n\n\n<figure class=\"wp-block-image size-large serape\"><img loading=\"lazy\" decoding=\"async\" width=\"1024\" height=\"18\" src=\"\/wp-content\/uploads\/2021\/04\/cclaf.serape1-13-1024x18.png\" alt=\"\" class=\"wp-image-574\" srcset=\"https:\/\/cclafoundation.org\/wp-content\/uploads\/2021\/04\/cclaf.serape1-13-1024x18.png 1024w, https:\/\/cclafoundation.org\/wp-content\/uploads\/2021\/04\/cclaf.serape1-13-300x5.png 300w, https:\/\/cclafoundation.org\/wp-content\/uploads\/2021\/04\/cclaf.serape1-13-768x13.png 768w, https:\/\/cclafoundation.org\/wp-content\/uploads\/2021\/04\/cclaf.serape1-13-1536x26.png 1536w, https:\/\/cclafoundation.org\/wp-content\/uploads\/2021\/04\/cclaf.serape1-13-2048x35.png 2048w, https:\/\/cclafoundation.org\/wp-content\/uploads\/2021\/04\/cclaf.serape1-13-16x1.png 16w\" sizes=\"auto, (max-width: 1024px) 100vw, 1024px\" \/><\/figure>\n\n\n\n<div style=\"height:14px\" aria-hidden=\"true\" class=\"wp-block-spacer\"><\/div>\n\n\n<div class=\"wp-bootstrap-blocks-container container mb-2\">\n\t\n<div class=\"wp-bootstrap-blocks-container container mb-2\">\n\t\n<div class=\"wp-bootstrap-blocks-container container mb-2\">\n\t\n<div class=\"wp-bootstrap-blocks-container container mb-2\">\n\t\n<div class=\"wp-bootstrap-blocks-row row\">\n\t\n\n<div class=\"col-12 col-md-4\">\n\t\t\t\n\n<figure class=\"wp-block-image size-large\"><img loading=\"lazy\" decoding=\"async\" width=\"514\" height=\"181\" src=\"\/wp-content\/uploads\/2021\/04\/cclaf.boxtops-1.png\" alt=\"\" class=\"wp-image-971\" srcset=\"https:\/\/cclafoundation.org\/wp-content\/uploads\/2021\/04\/cclaf.boxtops-1.png 514w, https:\/\/cclafoundation.org\/wp-content\/uploads\/2021\/04\/cclaf.boxtops-1-300x106.png 300w, https:\/\/cclafoundation.org\/wp-content\/uploads\/2021\/04\/cclaf.boxtops-1-16x6.png 16w\" sizes=\"auto, (max-width: 514px) 100vw, 514px\" \/><\/figure>\n\n\n\n<p>This is so easy! Clip box tops and collect money for your school!  There&#8217;s even an app for it that you can get at the<a href=\"https:\/\/www.boxtops4education.com\" target=\"_blank\" rel=\"noreferrer noopener\"> boxtops4education.com <\/a>so you can do everything with your smartphone.<\/p>\n\n\t<\/div>\n\n\n\n<div class=\"col-12 col-md-4\">\n\t\t\t\n\n<figure class=\"wp-block-image size-large\"><img loading=\"lazy\" decoding=\"async\" width=\"508\" height=\"172\" src=\"\/wp-content\/uploads\/2021\/04\/cclaf.escrip.png\" alt=\"\" class=\"wp-image-970\" srcset=\"https:\/\/cclafoundation.org\/wp-content\/uploads\/2021\/04\/cclaf.escrip.png 508w, https:\/\/cclafoundation.org\/wp-content\/uploads\/2021\/04\/cclaf.escrip-300x102.png 300w, https:\/\/cclafoundation.org\/wp-content\/uploads\/2021\/04\/cclaf.escrip-16x5.png 16w\" sizes=\"auto, (max-width: 508px) 100vw, 508px\" \/><\/figure>\n\n\n\n<p>\u00a1Es r\u00e1pido, f\u00e1cil y gratis!  Registre sus tarjetas de cr\u00e9dito\/d\u00e9bito o de recompensas en <a href=\"http:\/\/www.escrip.com\" target=\"_blank\" rel=\"noreferrer noopener\">escrip.com<\/a>, y los minoristas donar\u00e1n parte de su compra a CCLA!  Solo elige Cesar Chavez Language Academy cuando te registres.<\/p>\n\n\t<\/div>\n\n\n\n<div class=\"col-12 col-md-4\">\n\t\t\t\n\n<figure class=\"wp-block-image size-large\"><img loading=\"lazy\" decoding=\"async\" width=\"487\" height=\"254\" src=\"\/wp-content\/uploads\/2021\/04\/cclaf.amazon.smile_.png\" alt=\"\" class=\"wp-image-972\" srcset=\"https:\/\/cclafoundation.org\/wp-content\/uploads\/2021\/04\/cclaf.amazon.smile_.png 487w, https:\/\/cclafoundation.org\/wp-content\/uploads\/2021\/04\/cclaf.amazon.smile_-300x156.png 300w, https:\/\/cclafoundation.org\/wp-content\/uploads\/2021\/04\/cclaf.amazon.smile_-16x8.png 16w\" sizes=\"auto, (max-width: 487px) 100vw, 487px\" \/><\/figure>\n\n\n\n<p>AmazonSmile es una forma simple y autom\u00e1tica de apoyar a su organizaci\u00f3n caritativa favorita cada vez que compra, sin costo alguno para usted. Cuando compre en smile.amazon.com, busque: Cesar Chavez Language Academy Foundation.&nbsp;<\/p>\n\n\t<\/div>\n\n<\/div>\n\n<\/div>\n\n<\/div>\n\n<\/div>\n\n<\/div>\n\n\n\n<div style=\"height:15px\" aria-hidden=\"true\" class=\"wp-block-spacer\"><\/div>\n\n\n\n<figure class=\"wp-block-image size-large serape\"><img loading=\"lazy\" decoding=\"async\" width=\"1024\" height=\"18\" src=\"https:\/\/cclafoundation.org\/wp-content\/uploads\/2021\/04\/cclaf.serape1-13-1024x18.png\" alt=\"Serape decoration\" class=\"wp-image-574\" srcset=\"https:\/\/cclafoundation.org\/wp-content\/uploads\/2021\/04\/cclaf.serape1-13-1024x18.png 1024w, https:\/\/cclafoundation.org\/wp-content\/uploads\/2021\/04\/cclaf.serape1-13-300x5.png 300w, https:\/\/cclafoundation.org\/wp-content\/uploads\/2021\/04\/cclaf.serape1-13-768x13.png 768w, https:\/\/cclafoundation.org\/wp-content\/uploads\/2021\/04\/cclaf.serape1-13-1536x26.png 1536w, https:\/\/cclafoundation.org\/wp-content\/uploads\/2021\/04\/cclaf.serape1-13-2048x35.png 2048w, https:\/\/cclafoundation.org\/wp-content\/uploads\/2021\/04\/cclaf.serape1-13-16x1.png 16w\" sizes=\"auto, (max-width: 1024px) 100vw, 1024px\" \/><\/figure>\n\n\n<div class=\"wp-bootstrap-blocks-container container mb-2\">\n\t\n\n<p>\u00bfRecaudando dinero para nuestra escuela? \u00a1No olvide pedirle a su empleador que le ayude igualando los fondos que ha recaudado con su propia donaci\u00f3n! Simplemente use esta conveniente carta modelo:  <\/p>\n\n\n\n<div class=\"wp-block-file\"><a id=\"wp-block-file--media-641c84ac-20bb-41fa-b470-8618e876c0df\" href=\"https:\/\/cclafoundation.org\/wp-content\/uploads\/2021\/05\/CCLA-Foundation-EmployerMatchLetter.docx\">Carta de contrapartida del empleador de la Fundaci\u00f3n CCLA<\/a><a href=\"https:\/\/cclafoundation.org\/wp-content\/uploads\/2021\/05\/CCLA-Foundation-EmployerMatchLetter.docx\" class=\"wp-block-file__button wp-element-button\" download aria-describedby=\"wp-block-file--media-641c84ac-20bb-41fa-b470-8618e876c0df\">Descargar<\/a><\/div>\n\n<\/div>\n\n\n\n<figure class=\"wp-block-image size-large serape\"><img loading=\"lazy\" decoding=\"async\" width=\"1024\" height=\"18\" src=\"\/wp-content\/uploads\/2021\/04\/cclaf.serape1-13-1024x18.png\" alt=\"\" class=\"wp-image-574\" srcset=\"https:\/\/cclafoundation.org\/wp-content\/uploads\/2021\/04\/cclaf.serape1-13-1024x18.png 1024w, https:\/\/cclafoundation.org\/wp-content\/uploads\/2021\/04\/cclaf.serape1-13-300x5.png 300w, https:\/\/cclafoundation.org\/wp-content\/uploads\/2021\/04\/cclaf.serape1-13-768x13.png 768w, https:\/\/cclafoundation.org\/wp-content\/uploads\/2021\/04\/cclaf.serape1-13-1536x26.png 1536w, https:\/\/cclafoundation.org\/wp-content\/uploads\/2021\/04\/cclaf.serape1-13-2048x35.png 2048w, https:\/\/cclafoundation.org\/wp-content\/uploads\/2021\/04\/cclaf.serape1-13-16x1.png 16w\" sizes=\"auto, (max-width: 1024px) 100vw, 1024px\" \/><\/figure>\n\n\n\n<h2 class=\"wp-block-heading has-text-align-center\">\u00a1Ofr\u00e9zcase como voluntario su valioso tiempo!<\/h2>\n\n\n\n<figure class=\"wp-block-image size-large serape\"><img loading=\"lazy\" decoding=\"async\" width=\"1024\" height=\"18\" src=\"\/wp-content\/uploads\/2021\/04\/cclaf.serape1-13-1024x18.png\" alt=\"\" class=\"wp-image-574\" srcset=\"https:\/\/cclafoundation.org\/wp-content\/uploads\/2021\/04\/cclaf.serape1-13-1024x18.png 1024w, https:\/\/cclafoundation.org\/wp-content\/uploads\/2021\/04\/cclaf.serape1-13-300x5.png 300w, https:\/\/cclafoundation.org\/wp-content\/uploads\/2021\/04\/cclaf.serape1-13-768x13.png 768w, https:\/\/cclafoundation.org\/wp-content\/uploads\/2021\/04\/cclaf.serape1-13-1536x26.png 1536w, https:\/\/cclafoundation.org\/wp-content\/uploads\/2021\/04\/cclaf.serape1-13-2048x35.png 2048w, https:\/\/cclafoundation.org\/wp-content\/uploads\/2021\/04\/cclaf.serape1-13-16x1.png 16w\" sizes=\"auto, (max-width: 1024px) 100vw, 1024px\" \/><\/figure>\n\n\n\n<div style=\"height:15px\" aria-hidden=\"true\" class=\"wp-block-spacer\"><\/div>\n\n\n\n<h3 class=\"wp-block-heading has-text-align-center\">Hay muchas oportunidades para ser voluntario aqu\u00ed en nuestra escuela.<\/h3>\n\n\n\n<div style=\"height:14px\" aria-hidden=\"true\" class=\"wp-block-spacer\"><\/div>\n\n\n<div class=\"wp-bootstrap-blocks-container container mb-2\">\n\t\n<div class=\"wp-bootstrap-blocks-row row\">\n\t\n\n<div class=\"col-12 col-md-4\">\n\t\t\t\n\n<ul class=\"wp-block-list\">\n<li>Coordinador de Box Top<\/li>\n\n\n\n<li>Coordinador del Scholastic Book Club<\/li>\n\n\n\n<li>Miembro del Comit\u00e9 de Zumbathon<\/li>\n<\/ul>\n\n\n<div class=\"wp-block-image\">\n<figure class=\"aligncenter size-large\"><img loading=\"lazy\" decoding=\"async\" width=\"336\" height=\"170\" src=\"\/wp-content\/uploads\/2021\/04\/cclaf.kids_.in_.play336x170.jpg\" alt=\"\" class=\"wp-image-1136\" srcset=\"https:\/\/cclafoundation.org\/wp-content\/uploads\/2021\/04\/cclaf.kids_.in_.play336x170.jpg 336w, https:\/\/cclafoundation.org\/wp-content\/uploads\/2021\/04\/cclaf.kids_.in_.play336x170-300x152.jpg 300w, https:\/\/cclafoundation.org\/wp-content\/uploads\/2021\/04\/cclaf.kids_.in_.play336x170-16x8.jpg 16w\" sizes=\"auto, (max-width: 336px) 100vw, 336px\" \/><\/figure>\n<\/div>\n\t<\/div>\n\n\n\n<div class=\"col-12 col-md-4\">\n\t\t\t\n\n<ul class=\"wp-block-list\">\n<li>Miembro del Comit\u00e9 de la Gala de Primavera<\/li>\n\n\n\n<li>Padres para el Aula<\/li>\n\n\n\n<li>Miembro del Comit\u00e9 de la Semana de Apreciaci\u00f3n al Personal<\/li>\n<\/ul>\n\n\n<div class=\"wp-block-image\">\n<figure class=\"aligncenter size-large\"><img loading=\"lazy\" decoding=\"async\" width=\"336\" height=\"164\" src=\"\/wp-content\/uploads\/2021\/04\/cclaf.kids_.group_.shot336x164.jpg\" alt=\"\" class=\"wp-image-1131\" srcset=\"https:\/\/cclafoundation.org\/wp-content\/uploads\/2021\/04\/cclaf.kids_.group_.shot336x164.jpg 336w, https:\/\/cclafoundation.org\/wp-content\/uploads\/2021\/04\/cclaf.kids_.group_.shot336x164-300x146.jpg 300w, https:\/\/cclafoundation.org\/wp-content\/uploads\/2021\/04\/cclaf.kids_.group_.shot336x164-16x8.jpg 16w\" sizes=\"auto, (max-width: 336px) 100vw, 336px\" \/><\/figure>\n<\/div>\n\t<\/div>\n\n\n\n<div class=\"col-12 col-md-4\">\n\t\t\t\n\n<ul class=\"wp-block-list\">\n<li>L\u00edder del club extracurricular (por ejemplo: club de atletismo, baile folkl\u00f3rico ... etc)<\/li>\n\n\n\n<li>Ayudante de Bolsa de Libros\u00a0<\/li>\n\n\n\n<li>Comit\u00e9 del Anuario<\/li>\n<\/ul>\n\n\n<div class=\"wp-block-image\">\n<figure class=\"aligncenter size-large\"><img loading=\"lazy\" decoding=\"async\" width=\"336\" height=\"171\" src=\"\/wp-content\/uploads\/2021\/05\/cclaf.bingo_.night336x171.jpg\" alt=\"\" class=\"wp-image-1392\" srcset=\"https:\/\/cclafoundation.org\/wp-content\/uploads\/2021\/05\/cclaf.bingo_.night336x171.jpg 336w, https:\/\/cclafoundation.org\/wp-content\/uploads\/2021\/05\/cclaf.bingo_.night336x171-300x153.jpg 300w, https:\/\/cclafoundation.org\/wp-content\/uploads\/2021\/05\/cclaf.bingo_.night336x171-16x8.jpg 16w\" sizes=\"auto, (max-width: 336px) 100vw, 336px\" \/><\/figure>\n<\/div>\n\t<\/div>\n\n<\/div>\n\n<\/div>\n\n\n\n<div style=\"height:14px\" aria-hidden=\"true\" class=\"wp-block-spacer\"><\/div>\n\n\n\n<h3 class=\"wp-block-heading has-text-align-center\">\u00a1Comun\u00edquese con un miembro del Comit\u00e9 de la Fundaci\u00f3n para averiguar d\u00f3nde se necesita ayuda!<\/h3>\n\n\n\n<div style=\"height:14px\" aria-hidden=\"true\" class=\"wp-block-spacer\"><\/div>\n\n\n\n<figure class=\"wp-block-image size-large serape\"><img loading=\"lazy\" decoding=\"async\" width=\"1024\" height=\"18\" src=\"\/wp-content\/uploads\/2021\/04\/cclaf.serape1-13-1024x18.png\" alt=\"\" class=\"wp-image-574\" srcset=\"https:\/\/cclafoundation.org\/wp-content\/uploads\/2021\/04\/cclaf.serape1-13-1024x18.png 1024w, https:\/\/cclafoundation.org\/wp-content\/uploads\/2021\/04\/cclaf.serape1-13-300x5.png 300w, https:\/\/cclafoundation.org\/wp-content\/uploads\/2021\/04\/cclaf.serape1-13-768x13.png 768w, https:\/\/cclafoundation.org\/wp-content\/uploads\/2021\/04\/cclaf.serape1-13-1536x26.png 1536w, https:\/\/cclafoundation.org\/wp-content\/uploads\/2021\/04\/cclaf.serape1-13-2048x35.png 2048w, https:\/\/cclafoundation.org\/wp-content\/uploads\/2021\/04\/cclaf.serape1-13-16x1.png 16w\" sizes=\"auto, (max-width: 1024px) 100vw, 1024px\" \/><\/figure>\n\n\n\n<h2 class=\"wp-block-heading has-text-align-center\">\u00a1Sea voluntario del Comit\u00e9!<\/h2>\n\n\n\n<figure class=\"wp-block-image size-large serape\"><img loading=\"lazy\" decoding=\"async\" width=\"1024\" height=\"18\" src=\"\/wp-content\/uploads\/2021\/04\/cclaf.serape1-13-1024x18.png\" alt=\"\" class=\"wp-image-574\" srcset=\"https:\/\/cclafoundation.org\/wp-content\/uploads\/2021\/04\/cclaf.serape1-13-1024x18.png 1024w, https:\/\/cclafoundation.org\/wp-content\/uploads\/2021\/04\/cclaf.serape1-13-300x5.png 300w, https:\/\/cclafoundation.org\/wp-content\/uploads\/2021\/04\/cclaf.serape1-13-768x13.png 768w, https:\/\/cclafoundation.org\/wp-content\/uploads\/2021\/04\/cclaf.serape1-13-1536x26.png 1536w, https:\/\/cclafoundation.org\/wp-content\/uploads\/2021\/04\/cclaf.serape1-13-2048x35.png 2048w, https:\/\/cclafoundation.org\/wp-content\/uploads\/2021\/04\/cclaf.serape1-13-16x1.png 16w\" sizes=\"auto, (max-width: 1024px) 100vw, 1024px\" \/><\/figure>\n\n\n\n<div style=\"height:14px\" aria-hidden=\"true\" class=\"wp-block-spacer\"><\/div>\n\n\n\n<h3 class=\"wp-block-heading has-text-align-center\">\u00a1Considere trabajar con un gran grupo de padres y personal para hacer una diferencia din\u00e1mica en CCLA!<\/h3>\n\n\n\n<div style=\"height:16px\" aria-hidden=\"true\" class=\"wp-block-spacer\"><\/div>\n\n\n\n<div style=\"height:15px\" aria-hidden=\"true\" class=\"wp-block-spacer\"><\/div>\n\n\n<div class=\"wp-bootstrap-blocks-container container mb-2\">\n\t\n<div class=\"wp-bootstrap-blocks-row row\">\n\t\n\n<div class=\"col-12 col-md-6\">\n\t\t\t\n\n<p>El comit\u00e9  de la Fundaci\u00f3n es un grupo de padres y personal que se re\u00fanen una tarde cada mes, y facilita una variedad de actividades y eventos durante todo el a\u00f1o para cumplir la misi\u00f3n de la Fundaci\u00f3n: servir a nuestra comunidad escolar al aumentar las oportunidades de enriquecimiento estudiantil, fomentando conexi\u00f3n entre las familias, y apoyando a nuestros incre\u00edbles maestros y personal.&nbsp;<\/p>\n\n\t<\/div>\n\n\n\n<div class=\"col-12 col-md-6\">\n\t\t\t\n\n<p>El comit\u00e9  est\u00e1 formada por directores (miembros votantes que sirven por un per\u00edodo de dos a\u00f1os) y por funcionarios (funciones administrativas que sirven un plazo de un a\u00f1o: Presidente, Vicepresidente, Secretario y Tesorero). No se necesita experiencia, solo una gran actitud y deseo de ayudar a CCLA a ser lo mejor que pueda ser.  Si est\u00e1 interesado en unirse a la Fundaci\u00f3n CCLA, comun\u00edquese con un miembro de la Junta. Siempre es bienvenido a asistir a nuestras reuniones.<\/p>\n\n\n\n<p><\/p>\n\n\t<\/div>\n\n<\/div>\n\n<\/div>\n\n\n\n<figure class=\"wp-block-image size-large serape\"><img loading=\"lazy\" decoding=\"async\" width=\"1024\" height=\"18\" src=\"\/wp-content\/uploads\/2021\/04\/cclaf.serape1-13-1024x18.png\" alt=\"\" class=\"wp-image-574\" srcset=\"https:\/\/cclafoundation.org\/wp-content\/uploads\/2021\/04\/cclaf.serape1-13-1024x18.png 1024w, https:\/\/cclafoundation.org\/wp-content\/uploads\/2021\/04\/cclaf.serape1-13-300x5.png 300w, https:\/\/cclafoundation.org\/wp-content\/uploads\/2021\/04\/cclaf.serape1-13-768x13.png 768w, https:\/\/cclafoundation.org\/wp-content\/uploads\/2021\/04\/cclaf.serape1-13-1536x26.png 1536w, https:\/\/cclafoundation.org\/wp-content\/uploads\/2021\/04\/cclaf.serape1-13-2048x35.png 2048w, https:\/\/cclafoundation.org\/wp-content\/uploads\/2021\/04\/cclaf.serape1-13-16x1.png 16w\" sizes=\"auto, (max-width: 1024px) 100vw, 1024px\" \/><\/figure>","protected":false},"excerpt":{"rendered":"<p>So many ways to get involved&#8230; Volunteer a little effort! Volunteer your precious time! There are many ways to volunteer here at our school&#8230; Contact a Foundation Board member to find out where help is needed! Volunteer for the Board! Please consider working with a great group of parents and staff to make a dynamic difference at CCLA! [&#8230;]<\/p>\n<p><a class=\"btn btn-secondary understrap-read-more-link\" href=\"https:\/\/cclafoundation.org\/es\/volunteer-2\/\">Read More&#8230;<\/a><\/p>\n","protected":false},"author":2,"featured_media":0,"parent":0,"menu_order":0,"comment_status":"closed","ping_status":"closed","template":"","meta":{"inline_featured_image":false,"footnotes":""},"class_list":["post-72","page","type-page","status-publish","hentry"],"yoast_head":"<!-- This site is optimized with the Yoast SEO plugin v27.4 - https:\/\/yoast.com\/product\/yoast-seo-wordpress\/ -->\n<title>Volunteer -<\/title>\n<meta name=\"robots\" content=\"index, follow, max-snippet:-1, max-image-preview:large, max-video-preview:-1\" \/>\n<link rel=\"canonical\" href=\"https:\/\/cclafoundation.org\/es\/volunteer-2\/\" \/>\n<meta property=\"og:locale\" content=\"es_MX\" \/>\n<meta property=\"og:type\" content=\"article\" \/>\n<meta property=\"og:title\" content=\"Volunteer -\" \/>\n<meta property=\"og:description\" content=\"So many ways to get involved&#8230; Volunteer a little effort! Volunteer your precious time! There are many ways to volunteer here at our school&#8230; Contact a Foundation Board member to find out where help is needed! Volunteer for the Board! Please consider working with a great group of parents and staff to make a dynamic difference at CCLA! [...]Read More...\" \/>\n<meta property=\"og:url\" content=\"https:\/\/cclafoundation.org\/es\/volunteer-2\/\" \/>\n<meta property=\"article:modified_time\" content=\"2024-11-26T20:05:21+00:00\" \/>\n<meta property=\"og:image\" content=\"https:\/\/cclafoundation.org\/wp-content\/uploads\/2021\/04\/cclaf.serape1-13-1024x18.png\" \/>\n<meta name=\"twitter:card\" content=\"summary_large_image\" \/>\n<meta name=\"twitter:label1\" content=\"Tiempo de lectura\" \/>\n\t<meta name=\"twitter:data1\" content=\"5 minutos\" \/>\n<script type=\"application\/ld+json\" class=\"yoast-schema-graph\">{\"@context\":\"https:\\\/\\\/schema.org\",\"@graph\":[{\"@type\":\"WebPage\",\"@id\":\"https:\\\/\\\/cclafoundation.org\\\/volunteer-2\\\/\",\"url\":\"https:\\\/\\\/cclafoundation.org\\\/volunteer-2\\\/\",\"name\":\"Volunteer -\",\"isPartOf\":{\"@id\":\"https:\\\/\\\/cclafoundation.org\\\/#website\"},\"primaryImageOfPage\":{\"@id\":\"https:\\\/\\\/cclafoundation.org\\\/volunteer-2\\\/#primaryimage\"},\"image\":{\"@id\":\"https:\\\/\\\/cclafoundation.org\\\/volunteer-2\\\/#primaryimage\"},\"thumbnailUrl\":\"https:\\\/\\\/cclafoundation.org\\\/wp-content\\\/uploads\\\/2021\\\/04\\\/cclaf.serape1-13-1024x18.png\",\"datePublished\":\"2021-03-18T13:34:36+00:00\",\"dateModified\":\"2024-11-26T20:05:21+00:00\",\"breadcrumb\":{\"@id\":\"https:\\\/\\\/cclafoundation.org\\\/volunteer-2\\\/#breadcrumb\"},\"inLanguage\":\"es\",\"potentialAction\":[{\"@type\":\"ReadAction\",\"target\":[\"https:\\\/\\\/cclafoundation.org\\\/volunteer-2\\\/\"]}]},{\"@type\":\"ImageObject\",\"inLanguage\":\"es\",\"@id\":\"https:\\\/\\\/cclafoundation.org\\\/volunteer-2\\\/#primaryimage\",\"url\":\"https:\\\/\\\/cclafoundation.org\\\/wp-content\\\/uploads\\\/2021\\\/04\\\/cclaf.serape1-13-1024x18.png\",\"contentUrl\":\"https:\\\/\\\/cclafoundation.org\\\/wp-content\\\/uploads\\\/2021\\\/04\\\/cclaf.serape1-13-1024x18.png\"},{\"@type\":\"BreadcrumbList\",\"@id\":\"https:\\\/\\\/cclafoundation.org\\\/volunteer-2\\\/#breadcrumb\",\"itemListElement\":[{\"@type\":\"ListItem\",\"position\":1,\"name\":\"Home\",\"item\":\"https:\\\/\\\/cclafoundation.org\\\/\"},{\"@type\":\"ListItem\",\"position\":2,\"name\":\"Volunteer\"}]},{\"@type\":\"WebSite\",\"@id\":\"https:\\\/\\\/cclafoundation.org\\\/#website\",\"url\":\"https:\\\/\\\/cclafoundation.org\\\/\",\"name\":\"\",\"description\":\"Supporting Cesar Chavez Language Academy\",\"potentialAction\":[{\"@type\":\"SearchAction\",\"target\":{\"@type\":\"EntryPoint\",\"urlTemplate\":\"https:\\\/\\\/cclafoundation.org\\\/?s={search_term_string}\"},\"query-input\":{\"@type\":\"PropertyValueSpecification\",\"valueRequired\":true,\"valueName\":\"search_term_string\"}}],\"inLanguage\":\"es\"}]}<\/script>\n<!-- \/ Yoast SEO plugin. -->","yoast_head_json":{"title":"Volunteer -","robots":{"index":"index","follow":"follow","max-snippet":"max-snippet:-1","max-image-preview":"max-image-preview:large","max-video-preview":"max-video-preview:-1"},"canonical":"https:\/\/cclafoundation.org\/es\/volunteer-2\/","og_locale":"es_MX","og_type":"article","og_title":"Volunteer -","og_description":"So many ways to get involved&#8230; Volunteer a little effort! Volunteer your precious time! There are many ways to volunteer here at our school&#8230; Contact a Foundation Board member to find out where help is needed! Volunteer for the Board! Please consider working with a great group of parents and staff to make a dynamic difference at CCLA! [...]Read More...","og_url":"https:\/\/cclafoundation.org\/es\/volunteer-2\/","article_modified_time":"2024-11-26T20:05:21+00:00","og_image":[{"url":"https:\/\/cclafoundation.org\/wp-content\/uploads\/2021\/04\/cclaf.serape1-13-1024x18.png","type":"","width":"","height":""}],"twitter_card":"summary_large_image","twitter_misc":{"Tiempo de lectura":"5 minutos"},"schema":{"@context":"https:\/\/schema.org","@graph":[{"@type":"WebPage","@id":"https:\/\/cclafoundation.org\/volunteer-2\/","url":"https:\/\/cclafoundation.org\/volunteer-2\/","name":"Volunteer -","isPartOf":{"@id":"https:\/\/cclafoundation.org\/#website"},"primaryImageOfPage":{"@id":"https:\/\/cclafoundation.org\/volunteer-2\/#primaryimage"},"image":{"@id":"https:\/\/cclafoundation.org\/volunteer-2\/#primaryimage"},"thumbnailUrl":"https:\/\/cclafoundation.org\/wp-content\/uploads\/2021\/04\/cclaf.serape1-13-1024x18.png","datePublished":"2021-03-18T13:34:36+00:00","dateModified":"2024-11-26T20:05:21+00:00","breadcrumb":{"@id":"https:\/\/cclafoundation.org\/volunteer-2\/#breadcrumb"},"inLanguage":"es","potentialAction":[{"@type":"ReadAction","target":["https:\/\/cclafoundation.org\/volunteer-2\/"]}]},{"@type":"ImageObject","inLanguage":"es","@id":"https:\/\/cclafoundation.org\/volunteer-2\/#primaryimage","url":"https:\/\/cclafoundation.org\/wp-content\/uploads\/2021\/04\/cclaf.serape1-13-1024x18.png","contentUrl":"https:\/\/cclafoundation.org\/wp-content\/uploads\/2021\/04\/cclaf.serape1-13-1024x18.png"},{"@type":"BreadcrumbList","@id":"https:\/\/cclafoundation.org\/volunteer-2\/#breadcrumb","itemListElement":[{"@type":"ListItem","position":1,"name":"Home","item":"https:\/\/cclafoundation.org\/"},{"@type":"ListItem","position":2,"name":"Volunteer"}]},{"@type":"WebSite","@id":"https:\/\/cclafoundation.org\/#website","url":"https:\/\/cclafoundation.org\/","name":"","description":"Supporting Cesar Chavez Language Academy","potentialAction":[{"@type":"SearchAction","target":{"@type":"EntryPoint","urlTemplate":"https:\/\/cclafoundation.org\/?s={search_term_string}"},"query-input":{"@type":"PropertyValueSpecification","valueRequired":true,"valueName":"search_term_string"}}],"inLanguage":"es"}]}},"_links":{"self":[{"href":"https:\/\/cclafoundation.org\/es\/wp-json\/wp\/v2\/pages\/72","targetHints":{"allow":["GET"]}}],"collection":[{"href":"https:\/\/cclafoundation.org\/es\/wp-json\/wp\/v2\/pages"}],"about":[{"href":"https:\/\/cclafoundation.org\/es\/wp-json\/wp\/v2\/types\/page"}],"author":[{"embeddable":true,"href":"https:\/\/cclafoundation.org\/es\/wp-json\/wp\/v2\/users\/2"}],"replies":[{"embeddable":true,"href":"https:\/\/cclafoundation.org\/es\/wp-json\/wp\/v2\/comments?post=72"}],"version-history":[{"count":37,"href":"https:\/\/cclafoundation.org\/es\/wp-json\/wp\/v2\/pages\/72\/revisions"}],"predecessor-version":[{"id":2560,"href":"https:\/\/cclafoundation.org\/es\/wp-json\/wp\/v2\/pages\/72\/revisions\/2560"}],"wp:attachment":[{"href":"https:\/\/cclafoundation.org\/es\/wp-json\/wp\/v2\/media?parent=72"}],"curies":[{"name":"wp","href":"https:\/\/api.w.org\/{rel}","templated":true}]}}