{"id":73,"date":"2021-03-18T13:34:36","date_gmt":"2021-03-18T13:34:36","guid":{"rendered":"https:\/\/dev-cclaf2.pantheonsite.io\/?page_id=73"},"modified":"2021-05-20T21:14:56","modified_gmt":"2021-05-20T21:14:56","slug":"corporate-sponsors-2","status":"publish","type":"page","link":"https:\/\/cclafoundation.org\/es\/corporate-sponsors-2\/","title":{"rendered":"Patrocinio corporativo"},"content":{"rendered":"<figure class=\"wp-block-image size-large serape\"><img loading=\"lazy\" decoding=\"async\" width=\"1024\" height=\"18\" src=\"\/wp-content\/uploads\/2021\/04\/cclaf.serape1-13-1024x18.png\" alt=\"\" class=\"wp-image-574\" srcset=\"https:\/\/cclafoundation.org\/wp-content\/uploads\/2021\/04\/cclaf.serape1-13-1024x18.png 1024w, https:\/\/cclafoundation.org\/wp-content\/uploads\/2021\/04\/cclaf.serape1-13-300x5.png 300w, https:\/\/cclafoundation.org\/wp-content\/uploads\/2021\/04\/cclaf.serape1-13-768x13.png 768w, https:\/\/cclafoundation.org\/wp-content\/uploads\/2021\/04\/cclaf.serape1-13-1536x26.png 1536w, https:\/\/cclafoundation.org\/wp-content\/uploads\/2021\/04\/cclaf.serape1-13-2048x35.png 2048w, https:\/\/cclafoundation.org\/wp-content\/uploads\/2021\/04\/cclaf.serape1-13-16x1.png 16w\" sizes=\"auto, (max-width: 1024px) 100vw, 1024px\" \/><\/figure>\n\n\n\n<h1 class=\"has-text-align-center wp-block-heading\">Patrocinio Corporativo<\/h1>\n\n\n\n<figure class=\"wp-block-image size-large serape\"><img loading=\"lazy\" decoding=\"async\" width=\"1024\" height=\"18\" src=\"\/wp-content\/uploads\/2021\/04\/cclaf.serape1-13-1024x18.png\" alt=\"\" class=\"wp-image-574\" srcset=\"https:\/\/cclafoundation.org\/wp-content\/uploads\/2021\/04\/cclaf.serape1-13-1024x18.png 1024w, https:\/\/cclafoundation.org\/wp-content\/uploads\/2021\/04\/cclaf.serape1-13-300x5.png 300w, https:\/\/cclafoundation.org\/wp-content\/uploads\/2021\/04\/cclaf.serape1-13-768x13.png 768w, https:\/\/cclafoundation.org\/wp-content\/uploads\/2021\/04\/cclaf.serape1-13-1536x26.png 1536w, https:\/\/cclafoundation.org\/wp-content\/uploads\/2021\/04\/cclaf.serape1-13-2048x35.png 2048w, https:\/\/cclafoundation.org\/wp-content\/uploads\/2021\/04\/cclaf.serape1-13-16x1.png 16w\" sizes=\"auto, (max-width: 1024px) 100vw, 1024px\" \/><\/figure>\n\n\n<div class=\"wp-bootstrap-blocks-container container mb-2 corporate_carousel\">\n\t\n\n<div id=\"carouselExampleFade\" class=\"carousel slide carousel-fade\" data-ride=\"carousel\">\n  <div class=\"carousel-inner\">\n    <div class=\"carousel-item active\">\n      <img decoding=\"async\" class=\"d-block w-100\" src=\"\/wp-content\/uploads\/2021\/04\/cclaf.day_.of_.the_.dead480x360.jpg\" alt=\"Children viewing Day of the Dead altar\">\n    <\/div>\n    <div class=\"carousel-item\">\n      <img decoding=\"async\" class=\"d-block w-100\" src=\"\/wp-content\/uploads\/2021\/04\/cclaf.3.amigos480x360.jpg\" alt=\"Three boys in traditional masks on stage.\">\n    <\/div>\n    <div class=\"carousel-item\">\n      <img decoding=\"async\" class=\"d-block w-100\" src=\"\/wp-content\/uploads\/2021\/04\/cclaf.girls_.on_.the_.run_.team480x360.jpg\" alt=\"Girls on the Run running club.\">\n    <\/div>\n    <div class=\"carousel-item\">\n      <img decoding=\"async\" class=\"d-block w-100\" src=\"\/wp-content\/uploads\/2021\/04\/cclaf.ballet.folklorico480x360.png\" alt=\"Children dancing in the Ballet Folklorico Club.\">\n    <\/div>\n    <div class=\"carousel-item\">\n      <img decoding=\"async\" class=\"d-block w-100\" src=\"\/wp-content\/uploads\/2021\/04\/cclaf.basketball.kids480x360.jpg\" alt=\"Coed basketball team huddle.\">\n    <\/div>\n  <\/div>\n  <a class=\"carousel-control-prev\" href=\"#carouselExampleFade\" role=\"button\" data-slide=\"prev\">\n    <span class=\"carousel-control-prev-icon\" aria-hidden=\"true\"><\/span>\n    <span class=\"sr-only\">Previous<\/span>\n  <\/a>\n  <a class=\"carousel-control-next\" href=\"#carouselExampleFade\" role=\"button\" data-slide=\"next\">\n    <span class=\"carousel-control-next-icon\" aria-hidden=\"true\"><\/span>\n    <span class=\"sr-only\">Next<\/span>\n  <\/a>\n<\/div>\n\n<\/div>\n\n\n\n<figure class=\"wp-block-image size-large serape\"><img loading=\"lazy\" decoding=\"async\" width=\"1024\" height=\"18\" src=\"\/wp-content\/uploads\/2021\/04\/cclaf.serape1-13-1024x18.png\" alt=\"\" class=\"wp-image-574\" srcset=\"https:\/\/cclafoundation.org\/wp-content\/uploads\/2021\/04\/cclaf.serape1-13-1024x18.png 1024w, https:\/\/cclafoundation.org\/wp-content\/uploads\/2021\/04\/cclaf.serape1-13-300x5.png 300w, https:\/\/cclafoundation.org\/wp-content\/uploads\/2021\/04\/cclaf.serape1-13-768x13.png 768w, https:\/\/cclafoundation.org\/wp-content\/uploads\/2021\/04\/cclaf.serape1-13-1536x26.png 1536w, https:\/\/cclafoundation.org\/wp-content\/uploads\/2021\/04\/cclaf.serape1-13-2048x35.png 2048w, https:\/\/cclafoundation.org\/wp-content\/uploads\/2021\/04\/cclaf.serape1-13-16x1.png 16w\" sizes=\"auto, (max-width: 1024px) 100vw, 1024px\" \/><\/figure>\n\n\n\n<h2 class=\"has-text-align-center wp-block-heading\">Biling\u00fce. Bilateral. Bicultural. POR ELECCI\u00d3N.<\/h2>\n\n\n\n<figure class=\"wp-block-image size-large serape\"><img loading=\"lazy\" decoding=\"async\" width=\"1024\" height=\"18\" src=\"\/wp-content\/uploads\/2021\/04\/cclaf.serape1-13-1024x18.png\" alt=\"\" class=\"wp-image-574\" srcset=\"https:\/\/cclafoundation.org\/wp-content\/uploads\/2021\/04\/cclaf.serape1-13-1024x18.png 1024w, https:\/\/cclafoundation.org\/wp-content\/uploads\/2021\/04\/cclaf.serape1-13-300x5.png 300w, https:\/\/cclafoundation.org\/wp-content\/uploads\/2021\/04\/cclaf.serape1-13-768x13.png 768w, https:\/\/cclafoundation.org\/wp-content\/uploads\/2021\/04\/cclaf.serape1-13-1536x26.png 1536w, https:\/\/cclafoundation.org\/wp-content\/uploads\/2021\/04\/cclaf.serape1-13-2048x35.png 2048w, https:\/\/cclafoundation.org\/wp-content\/uploads\/2021\/04\/cclaf.serape1-13-16x1.png 16w\" sizes=\"auto, (max-width: 1024px) 100vw, 1024px\" \/><\/figure>\n\n\n\n<h5 class=\"wp-block-heading\"><strong>\"Una nueva generaci\u00f3n de estudiantes que aceptan y celebran la  \ndiversidad, que se esfuerzan por convertirse en el puente entre las comunidades y  \nque estan orgullosos de ser l\u00edderes colaborativos de una fuerza laboral del siglo XXI...\"<sup>..<\/sup>&nbsp;century workforce&#8230;&#8221;<\/strong><\/h5>\n\n\n\n<figure class=\"wp-block-image size-large serape\"><img loading=\"lazy\" decoding=\"async\" width=\"1024\" height=\"18\" src=\"\/wp-content\/uploads\/2021\/04\/cclaf.serape1-13-1024x18.png\" alt=\"\" class=\"wp-image-574\" srcset=\"https:\/\/cclafoundation.org\/wp-content\/uploads\/2021\/04\/cclaf.serape1-13-1024x18.png 1024w, https:\/\/cclafoundation.org\/wp-content\/uploads\/2021\/04\/cclaf.serape1-13-300x5.png 300w, https:\/\/cclafoundation.org\/wp-content\/uploads\/2021\/04\/cclaf.serape1-13-768x13.png 768w, https:\/\/cclafoundation.org\/wp-content\/uploads\/2021\/04\/cclaf.serape1-13-1536x26.png 1536w, https:\/\/cclafoundation.org\/wp-content\/uploads\/2021\/04\/cclaf.serape1-13-2048x35.png 2048w, https:\/\/cclafoundation.org\/wp-content\/uploads\/2021\/04\/cclaf.serape1-13-16x1.png 16w\" sizes=\"auto, (max-width: 1024px) 100vw, 1024px\" \/><\/figure>\n\n\n\n<div class=\"wp-block-columns is-layout-flex wp-container-core-columns-is-layout-9d6595d7 wp-block-columns-is-layout-flex\">\n<div class=\"wp-block-column is-layout-flow wp-block-column-is-layout-flow\" style=\"flex-basis:100%\"><div class=\"wp-bootstrap-blocks-container container mb-2\">\n\t\n\n<div class=\"wp-block-columns is-layout-flex wp-container-core-columns-is-layout-9d6595d7 wp-block-columns-is-layout-flex\">\n<div class=\"wp-block-column is-layout-flow wp-block-column-is-layout-flow\" style=\"flex-basis:33.33%\">\n<figure class=\"wp-block-image size-large portrait\"><img loading=\"lazy\" decoding=\"async\" width=\"480\" height=\"640\" src=\"\/wp-content\/uploads\/2021\/04\/cclaf.girl_.on_.mountain-rotated.jpg\" alt=\"\" class=\"wp-image-1247\" srcset=\"https:\/\/cclafoundation.org\/wp-content\/uploads\/2021\/04\/cclaf.girl_.on_.mountain-rotated.jpg 480w, https:\/\/cclafoundation.org\/wp-content\/uploads\/2021\/04\/cclaf.girl_.on_.mountain-225x300.jpg 225w, https:\/\/cclafoundation.org\/wp-content\/uploads\/2021\/04\/cclaf.girl_.on_.mountain-9x12.jpg 9w\" sizes=\"auto, (max-width: 480px) 100vw, 480px\" \/><\/figure>\n\n\n\n<figure class=\"wp-block-image size-large portrait\"><img loading=\"lazy\" decoding=\"async\" width=\"480\" height=\"640\" src=\"\/wp-content\/uploads\/2021\/04\/cclaf.boy_.writing.taylor.mt_-rotated.jpg\" alt=\"\" class=\"wp-image-1248\" srcset=\"https:\/\/cclafoundation.org\/wp-content\/uploads\/2021\/04\/cclaf.boy_.writing.taylor.mt_-rotated.jpg 480w, https:\/\/cclafoundation.org\/wp-content\/uploads\/2021\/04\/cclaf.boy_.writing.taylor.mt_-225x300.jpg 225w, https:\/\/cclafoundation.org\/wp-content\/uploads\/2021\/04\/cclaf.boy_.writing.taylor.mt_-9x12.jpg 9w\" sizes=\"auto, (max-width: 480px) 100vw, 480px\" \/><\/figure>\n<\/div>\n\n\n\n<div class=\"wp-block-column is-layout-flow wp-block-column-is-layout-flow\" style=\"flex-basis:66.66%\">\n<p><\/p>\n\n\n\n<p><\/p>\n\n\n\n<p>Estimado defensor de la educaci\u00f3n,&nbsp;<\/p>\n\n\n\n<p>Biling\u00fce. Bilateral. Bicultural. POR ELECCI\u00d3N.&nbsp;<\/p>\n\n\n\n<p>Este es el lema de Cesar Chavez Language Academy, una escuela p\u00fablica aut\u00f3noma en Santa Rosa que abraza tanto la  misi\u00f3n de justicia social de su hom\u00f3nimo como el esp\u00edritu de su vida. \u0130S\u00ed, se puede! Nos esforzamos por educar a los  ni\u00f1os en la alegr\u00eda y la pasi\u00f3n por el idioma, la cultura, la diversidad y la inclusi\u00f3n. <strong>Nuestros estudiantes son la fuerza  laboral del futuro<\/strong>, capaces de hablar en varios idiomas con un sentido de su lugar en el mundo en general. No solo  aprenden las mismas materias obligatorias que otras escuelas p\u00fablicas, sino que lo hacen tanto en ingl\u00e9s como en  espa\u00f1ol.&nbsp;<\/p>\n\n\n\n<p>Nuestra escuela fue fundada en el 2013 con tan solo 66 estudiantes de TK\/Kindergarten. Ahora contamos con 440  estudiantes y una lista de espera en cada nivel de grado. En el a\u00f1o acad\u00e9mico 2019-20, el 60% de nuestros estudiantes  calificaron para almuerzo gratis y reducido y el 60% eran estudiantes de ingl\u00e9s. Para complementar nuestro  presupuesto, confiamos en la recaudaci\u00f3n de fondos creativa y la generosidad de la comunidad. Tenemos padres  incre\u00edblemente activos e involucrados que siempre est\u00e1n dispuestos a trabajar. Los padres han cumplido con m\u00faltiples  proyectos de embellecimiento en toda la escuela y muchos m\u00e1s nos aguardan. Pero no podemos ofrecer eventos  culturales (D\u00eda de los Muertos, D\u00eda de C\u00e9sar Ch\u00e1vez), clubs extracurriculares (clases de Ballet Folkl\u00f3rico), \u00fatiles y  enriquecimiento para los salones (libros biling\u00fces, materiales de arte) y  mejoramiento a la escuela (computadoras actualizadas en la biblioteca, programa  de jardiner\u00eda). ) con los presupuestos de educaci\u00f3n actuales. Tenemos varios  art\u00edculos \"costosos\" que necesitamos actualizar en el campus que compartimos con  Cook Middle School. Dependemos de nuestra Fundaci\u00f3n CCLA sin fines de lucro, los  padres y los l\u00edderes comunitarios para ayudar a apoyar nuestra misi\u00f3n. Si cree en la  creaci\u00f3n de una nueva generaci\u00f3n de estudiantes que aceptan y celebran la  diversidad, que se esfuerzan por convertirse en el puente entre las comunidades y  que estan orgullosos de ser l\u00edderes colaborativos de una fuerza laboral del siglo XXI,<sup>..<\/sup>&nbsp;considere donar a nuestra Fundaci\u00f3n.<\/p>\n\n\n\n<p>Los cheques pueden hacerse a nombre de la Fundaci\u00f3n CCLA (CCLA Foundation). Env\u00ede los cheques por correo a 2480 Sebastopol Road, Santa Rosa, CA 95407, o haga una donaci\u00f3n a trav\u00e9s de PayPal usando el bot\u00f3n de abajo.<\/p>\n\n\n\n<p class=\"has-text-align-center\">ID Exento de Impuestos #47-5054324<\/p>\n\n\n<div class=\"wp-bootstrap-blocks-container container mb-2\">\n\t\n\n<div class=\"wp-block-columns donate_button is-layout-flex wp-container-core-columns-is-layout-9d6595d7 wp-block-columns-is-layout-flex\">\n<div class=\"wp-block-column text-center is-layout-flow wp-block-column-is-layout-flow\" style=\"flex-basis:100%\">\n<form action=\"https:\/\/www.paypal.com\/donate\" method=\"post\" target=\"_top\">\n<input type=\"hidden\" name=\"hosted_button_id\" value=\"GZZYX3JSB3QB8\">\n<input type=\"image\" src=\"https:\/\/www.paypalobjects.com\/en_US\/i\/btn\/btn_donateCC_LG.gif\" border=\"0\" name=\"submit\" title=\"PayPal: la forma m\u00e1s f\u00e1cil y segura de pagar en l\u00ednea.\" alt=\"Donate with PayPal button\">\n<img loading=\"lazy\" decoding=\"async\" alt=\"\" border=\"0\" src=\"https:\/\/www.paypal.com\/en_US\/i\/scr\/pixel.gif\" width=\"1\" height=\"1\">\n<\/form>\n<\/div>\n<\/div>\n\n<\/div>\n<\/div>\n<\/div>\n\n<\/div>\n<\/div>\n<\/div>\n\n\n\n<figure class=\"wp-block-image size-large serape\"><img loading=\"lazy\" decoding=\"async\" width=\"1024\" height=\"18\" src=\"\/wp-content\/uploads\/2021\/04\/cclaf.serape1-13-1024x18.png\" alt=\"\" class=\"wp-image-574\" srcset=\"https:\/\/cclafoundation.org\/wp-content\/uploads\/2021\/04\/cclaf.serape1-13-1024x18.png 1024w, https:\/\/cclafoundation.org\/wp-content\/uploads\/2021\/04\/cclaf.serape1-13-300x5.png 300w, https:\/\/cclafoundation.org\/wp-content\/uploads\/2021\/04\/cclaf.serape1-13-768x13.png 768w, https:\/\/cclafoundation.org\/wp-content\/uploads\/2021\/04\/cclaf.serape1-13-1536x26.png 1536w, https:\/\/cclafoundation.org\/wp-content\/uploads\/2021\/04\/cclaf.serape1-13-2048x35.png 2048w, https:\/\/cclafoundation.org\/wp-content\/uploads\/2021\/04\/cclaf.serape1-13-16x1.png 16w\" sizes=\"auto, (max-width: 1024px) 100vw, 1024px\" \/><\/figure>","protected":false},"excerpt":{"rendered":"<p>Corporate Sponsorship Bilingual, Biliterate, Bicultural, By Choice! &#8220;A new generation of&nbsp;&nbsp;learners who embrace and celebrate diversity, who strive to become the bridge&nbsp;&nbsp;between communities, and who are proud to be collaborative leaders of a 21st&nbsp;century workforce&#8230;&#8221; [&#8230;]<\/p>\n<p><a class=\"btn btn-secondary understrap-read-more-link\" href=\"https:\/\/cclafoundation.org\/es\/corporate-sponsors-2\/\">Read More&#8230;<\/a><\/p>\n","protected":false},"author":2,"featured_media":0,"parent":0,"menu_order":0,"comment_status":"closed","ping_status":"closed","template":"","meta":{"inline_featured_image":false,"footnotes":""},"class_list":["post-73","page","type-page","status-publish","hentry"],"yoast_head":"<!-- This site is optimized with the Yoast SEO plugin v27.4 - https:\/\/yoast.com\/product\/yoast-seo-wordpress\/ -->\n<title>Corporate Sponsors -<\/title>\n<meta name=\"robots\" content=\"index, follow, max-snippet:-1, max-image-preview:large, max-video-preview:-1\" \/>\n<link rel=\"canonical\" href=\"https:\/\/cclafoundation.org\/es\/corporate-sponsors-2\/\" \/>\n<meta property=\"og:locale\" content=\"es_MX\" \/>\n<meta property=\"og:type\" content=\"article\" \/>\n<meta property=\"og:title\" content=\"Corporate Sponsors -\" \/>\n<meta property=\"og:description\" content=\"Corporate Sponsorship Bilingual, Biliterate, Bicultural, By Choice! &#8220;A new generation of&nbsp;&nbsp;learners who embrace and celebrate diversity, who strive to become the bridge&nbsp;&nbsp;between communities, and who are proud to be collaborative leaders of a 21st&nbsp;century workforce&#8230;&#8221; [...]Read More...\" \/>\n<meta property=\"og:url\" content=\"https:\/\/cclafoundation.org\/es\/corporate-sponsors-2\/\" \/>\n<meta property=\"article:modified_time\" content=\"2021-05-20T21:14:56+00:00\" \/>\n<meta property=\"og:image\" content=\"https:\/\/cclafoundation.org\/wp-content\/uploads\/2021\/04\/cclaf.serape1-13-1024x18.png\" \/>\n<meta name=\"twitter:card\" content=\"summary_large_image\" \/>\n<meta name=\"twitter:label1\" content=\"Tiempo de lectura\" \/>\n\t<meta name=\"twitter:data1\" content=\"5 minutos\" \/>\n<script type=\"application\/ld+json\" class=\"yoast-schema-graph\">{\"@context\":\"https:\\\/\\\/schema.org\",\"@graph\":[{\"@type\":\"WebPage\",\"@id\":\"https:\\\/\\\/cclafoundation.org\\\/corporate-sponsors-2\\\/\",\"url\":\"https:\\\/\\\/cclafoundation.org\\\/corporate-sponsors-2\\\/\",\"name\":\"Corporate Sponsors -\",\"isPartOf\":{\"@id\":\"https:\\\/\\\/cclafoundation.org\\\/#website\"},\"primaryImageOfPage\":{\"@id\":\"https:\\\/\\\/cclafoundation.org\\\/corporate-sponsors-2\\\/#primaryimage\"},\"image\":{\"@id\":\"https:\\\/\\\/cclafoundation.org\\\/corporate-sponsors-2\\\/#primaryimage\"},\"thumbnailUrl\":\"https:\\\/\\\/www.paypal.com\\\/en_US\\\/i\\\/scr\\\/pixel.gif\",\"datePublished\":\"2021-03-18T13:34:36+00:00\",\"dateModified\":\"2021-05-20T21:14:56+00:00\",\"breadcrumb\":{\"@id\":\"https:\\\/\\\/cclafoundation.org\\\/corporate-sponsors-2\\\/#breadcrumb\"},\"inLanguage\":\"es\",\"potentialAction\":[{\"@type\":\"ReadAction\",\"target\":[\"https:\\\/\\\/cclafoundation.org\\\/corporate-sponsors-2\\\/\"]}]},{\"@type\":\"ImageObject\",\"inLanguage\":\"es\",\"@id\":\"https:\\\/\\\/cclafoundation.org\\\/corporate-sponsors-2\\\/#primaryimage\",\"url\":\"https:\\\/\\\/www.paypal.com\\\/en_US\\\/i\\\/scr\\\/pixel.gif\",\"contentUrl\":\"https:\\\/\\\/www.paypal.com\\\/en_US\\\/i\\\/scr\\\/pixel.gif\"},{\"@type\":\"BreadcrumbList\",\"@id\":\"https:\\\/\\\/cclafoundation.org\\\/corporate-sponsors-2\\\/#breadcrumb\",\"itemListElement\":[{\"@type\":\"ListItem\",\"position\":1,\"name\":\"Home\",\"item\":\"https:\\\/\\\/cclafoundation.org\\\/\"},{\"@type\":\"ListItem\",\"position\":2,\"name\":\"Corporate Sponsors\"}]},{\"@type\":\"WebSite\",\"@id\":\"https:\\\/\\\/cclafoundation.org\\\/#website\",\"url\":\"https:\\\/\\\/cclafoundation.org\\\/\",\"name\":\"\",\"description\":\"Supporting Cesar Chavez Language Academy\",\"potentialAction\":[{\"@type\":\"SearchAction\",\"target\":{\"@type\":\"EntryPoint\",\"urlTemplate\":\"https:\\\/\\\/cclafoundation.org\\\/?s={search_term_string}\"},\"query-input\":{\"@type\":\"PropertyValueSpecification\",\"valueRequired\":true,\"valueName\":\"search_term_string\"}}],\"inLanguage\":\"es\"}]}<\/script>\n<!-- \/ Yoast SEO plugin. -->","yoast_head_json":{"title":"Corporate Sponsors -","robots":{"index":"index","follow":"follow","max-snippet":"max-snippet:-1","max-image-preview":"max-image-preview:large","max-video-preview":"max-video-preview:-1"},"canonical":"https:\/\/cclafoundation.org\/es\/corporate-sponsors-2\/","og_locale":"es_MX","og_type":"article","og_title":"Corporate Sponsors -","og_description":"Corporate Sponsorship Bilingual, Biliterate, Bicultural, By Choice! &#8220;A new generation of&nbsp;&nbsp;learners who embrace and celebrate diversity, who strive to become the bridge&nbsp;&nbsp;between communities, and who are proud to be collaborative leaders of a 21st&nbsp;century workforce&#8230;&#8221; [...]Read More...","og_url":"https:\/\/cclafoundation.org\/es\/corporate-sponsors-2\/","article_modified_time":"2021-05-20T21:14:56+00:00","og_image":[{"url":"https:\/\/cclafoundation.org\/wp-content\/uploads\/2021\/04\/cclaf.serape1-13-1024x18.png","type":"","width":"","height":""}],"twitter_card":"summary_large_image","twitter_misc":{"Tiempo de lectura":"5 minutos"},"schema":{"@context":"https:\/\/schema.org","@graph":[{"@type":"WebPage","@id":"https:\/\/cclafoundation.org\/corporate-sponsors-2\/","url":"https:\/\/cclafoundation.org\/corporate-sponsors-2\/","name":"Corporate Sponsors -","isPartOf":{"@id":"https:\/\/cclafoundation.org\/#website"},"primaryImageOfPage":{"@id":"https:\/\/cclafoundation.org\/corporate-sponsors-2\/#primaryimage"},"image":{"@id":"https:\/\/cclafoundation.org\/corporate-sponsors-2\/#primaryimage"},"thumbnailUrl":"https:\/\/www.paypal.com\/en_US\/i\/scr\/pixel.gif","datePublished":"2021-03-18T13:34:36+00:00","dateModified":"2021-05-20T21:14:56+00:00","breadcrumb":{"@id":"https:\/\/cclafoundation.org\/corporate-sponsors-2\/#breadcrumb"},"inLanguage":"es","potentialAction":[{"@type":"ReadAction","target":["https:\/\/cclafoundation.org\/corporate-sponsors-2\/"]}]},{"@type":"ImageObject","inLanguage":"es","@id":"https:\/\/cclafoundation.org\/corporate-sponsors-2\/#primaryimage","url":"https:\/\/www.paypal.com\/en_US\/i\/scr\/pixel.gif","contentUrl":"https:\/\/www.paypal.com\/en_US\/i\/scr\/pixel.gif"},{"@type":"BreadcrumbList","@id":"https:\/\/cclafoundation.org\/corporate-sponsors-2\/#breadcrumb","itemListElement":[{"@type":"ListItem","position":1,"name":"Home","item":"https:\/\/cclafoundation.org\/"},{"@type":"ListItem","position":2,"name":"Corporate Sponsors"}]},{"@type":"WebSite","@id":"https:\/\/cclafoundation.org\/#website","url":"https:\/\/cclafoundation.org\/","name":"","description":"Supporting Cesar Chavez Language Academy","potentialAction":[{"@type":"SearchAction","target":{"@type":"EntryPoint","urlTemplate":"https:\/\/cclafoundation.org\/?s={search_term_string}"},"query-input":{"@type":"PropertyValueSpecification","valueRequired":true,"valueName":"search_term_string"}}],"inLanguage":"es"}]}},"_links":{"self":[{"href":"https:\/\/cclafoundation.org\/es\/wp-json\/wp\/v2\/pages\/73","targetHints":{"allow":["GET"]}}],"collection":[{"href":"https:\/\/cclafoundation.org\/es\/wp-json\/wp\/v2\/pages"}],"about":[{"href":"https:\/\/cclafoundation.org\/es\/wp-json\/wp\/v2\/types\/page"}],"author":[{"embeddable":true,"href":"https:\/\/cclafoundation.org\/es\/wp-json\/wp\/v2\/users\/2"}],"replies":[{"embeddable":true,"href":"https:\/\/cclafoundation.org\/es\/wp-json\/wp\/v2\/comments?post=73"}],"version-history":[{"count":30,"href":"https:\/\/cclafoundation.org\/es\/wp-json\/wp\/v2\/pages\/73\/revisions"}],"predecessor-version":[{"id":1872,"href":"https:\/\/cclafoundation.org\/es\/wp-json\/wp\/v2\/pages\/73\/revisions\/1872"}],"wp:attachment":[{"href":"https:\/\/cclafoundation.org\/es\/wp-json\/wp\/v2\/media?parent=73"}],"curies":[{"name":"wp","href":"https:\/\/api.w.org\/{rel}","templated":true}]}}